{"id":2732,"date":"2025-06-05T19:00:05","date_gmt":"2025-06-05T19:00:05","guid":{"rendered":"https:\/\/koalagames.com\/kullanim-sartlari\/"},"modified":"2025-08-06T10:41:21","modified_gmt":"2025-08-06T10:41:21","slug":"kullanim-sartlari","status":"publish","type":"page","link":"https:\/\/koalagames.com\/tr\/kullanim-sartlari\/","title":{"rendered":"Kullan\u0131m \u015eartlar\u0131"},"content":{"rendered":"","protected":false},"excerpt":{"rendered":"","protected":false},"author":1,"featured_media":0,"parent":0,"menu_order":0,"comment_status":"closed","ping_status":"closed","template":"","meta":{"_acf_changed":false,"footnotes":""},"class_list":["post-2732","page","type-page","status-publish","hentry"],"acf":[],"_links":{"self":[{"href":"https:\/\/koalagames.com\/tr\/wp-json\/wp\/v2\/pages\/2732","targetHints":{"allow":["GET"]}}],"collection":[{"href":"https:\/\/koalagames.com\/tr\/wp-json\/wp\/v2\/pages"}],"about":[{"href":"https:\/\/koalagames.com\/tr\/wp-json\/wp\/v2\/types\/page"}],"author":[{"embeddable":true,"href":"https:\/\/koalagames.com\/tr\/wp-json\/wp\/v2\/users\/1"}],"replies":[{"embeddable":true,"href":"https:\/\/koalagames.com\/tr\/wp-json\/wp\/v2\/comments?post=2732"}],"version-history":[{"count":1,"href":"https:\/\/koalagames.com\/tr\/wp-json\/wp\/v2\/pages\/2732\/revisions"}],"predecessor-version":[{"id":2752,"href":"https:\/\/koalagames.com\/tr\/wp-json\/wp\/v2\/pages\/2732\/revisions\/2752"}],"wp:attachment":[{"href":"https:\/\/koalagames.com\/tr\/wp-json\/wp\/v2\/media?parent=2732"}],"curies":[{"name":"wp","href":"https:\/\/api.w.org\/{rel}","templated":true}]}}